{"id":1330,"date":"2025-09-24T17:50:42","date_gmt":"2025-09-24T15:50:42","guid":{"rendered":"https:\/\/eulogia-afrique.com\/site\/home\/"},"modified":"2026-03-02T21:25:55","modified_gmt":"2026-03-02T20:25:55","slug":"home","status":"publish","type":"page","link":"https:\/\/eulogia-afrique.com\/site\/","title":{"rendered":"Accueil"},"content":{"rendered":"\n\n\n<div class=\"wp-block-uagb-image aligncenter uagb-block-d66805a2 wp-block-uagb-image--layout-default wp-block-uagb-image--effect-static wp-block-uagb-image--align-center\"><figure class=\"wp-block-uagb-image__figure\"><img srcset=\"https:\/\/eulogia-afrique.com\/site\/wp-content\/uploads\/2026\/02\/banniere-eulogia-afrique-new-1024x333.jpg ,https:\/\/eulogia-afrique.com\/site\/wp-content\/uploads\/2026\/02\/banniere-eulogia-afrique-new.jpg 780w, https:\/\/eulogia-afrique.com\/site\/wp-content\/uploads\/2026\/02\/banniere-eulogia-afrique-new.jpg 360w\" sizes=\"auto, (max-width: 480px) 150px\"  alt=\"banniere eulogia afrique new\" class=\"uag-image-1559 lws-optimize-lazyload\" width=\"1189\" height=\"300\" title=\"banniere eulogia afrique new\" loading=\"lazy\" role=\"img\"\/ data-src=\"https:\/\/eulogia-afrique.com\/site\/wp-content\/uploads\/2026\/02\/banniere-eulogia-afrique-new-1024x333.jpg\"><\/figure><\/div>\n\n\n\n<div class=\"wp-block-uagb-container justifie uagb-layout-grid uagb-block-0f99c3d5 alignfull uagb-is-root-container\"><div class=\"uagb-container-inner-blocks-wrap\">\n<p class=\"justifie has-medium-font-size\"><strong>EULOGIA AFRIQUE<\/strong> est un cabinet \u00e0 vocation internationale, sp\u00e9cialis\u00e9 dans la formation, le conseil, la m\u00e9diation et l\u2019accompagnement strat\u00e9gique. Il rassemble une \u00e9quipe pluridisciplinaire d\u2019experts dot\u00e9s d\u2019une solide exp\u00e9rience nationale et internationale, au service des institutions publiques, des organisations priv\u00e9es, des acteurs \u00e9conomiques et des particuliers.<\/p>\n\n\n\n<p class=\"has-medium-font-size\">Notre ambition est de contribuer durablement au renforcement des capacit\u00e9s des acteurs nationaux et r\u00e9gionaux, en particulier dans les domaines du droit communautaire, du droit bancaire, de la concurrence et du r\u00e8glement amiable des conflits.<\/p>\n<\/div><\/div>\n\n\n\n<div class=\"wp-block-uagb-container uagb-block-780a1f8e alignfull uagb-is-root-container\"><div class=\"uagb-container-inner-blocks-wrap\">\n<div class=\"wp-block-uagb-image alignleft uagb-block-8f1bc4f7 wp-block-uagb-image--layout-default wp-block-uagb-image--effect-static wp-block-uagb-image--align-left\"><figure class=\"wp-block-uagb-image__figure\"><img srcset=\"https:\/\/eulogia-afrique.com\/site\/wp-content\/uploads\/2025\/09\/partenaires-d-affaires-assis-dans-un-cafe-scaled.jpg ,https:\/\/eulogia-afrique.com\/site\/wp-content\/uploads\/2025\/09\/partenaires-d-affaires-assis-dans-un-cafe-scaled.jpg 780w, https:\/\/eulogia-afrique.com\/site\/wp-content\/uploads\/2025\/09\/partenaires-d-affaires-assis-dans-un-cafe-scaled.jpg 360w\" sizes=\"auto, (max-width: 480px) 150px\" alt=\"Partenaires D Affaires Assis Dans Un Cafe Scaled\" class=\"uag-image-7 lws-optimize-lazyload\" width=\"560\" height=\"450\" title=\"Accueil\" loading=\"lazy\" role=\"img\" data-src=\"https:\/\/eulogia-afrique.com\/site\/wp-content\/uploads\/2025\/09\/partenaires-d-affaires-assis-dans-un-cafe-scaled.jpg\"><\/figure><\/div>\n\n\n\n<div class=\"wp-block-uagb-container uagb-block-d27083e4\">\n<div class=\"wp-block-uagb-info-box uagb-block-8498e7f2 uagb-infobox__content-wrap  uagb-infobox-icon-above-title uagb-infobox-image-valign-top justifie\"><div class=\"uagb-ifb-content\"><div class=\"uagb-ifb-title-wrap\"><p class=\"uagb-ifb-title-prefix\">Notre Histoire<\/p><h2 class=\"uagb-ifb-title\">\u00c0 propos d&rsquo;EULOGIA AFRIQUE<\/h2><\/div><p class=\"uagb-ifb-desc\">EULOGIA AFRIQUE a \u00e9t\u00e9 fond\u00e9 par une \u00e9quipe d&rsquo;experts passionn\u00e9s ayant pour vison, une Afrique juridiquement s\u00e9curis\u00e9e, \u00e9conomiquement int\u00e9gr\u00e9e et socialement apais\u00e9e, fond\u00e9e sur le dialogue, la comp\u00e9tence et l\u2019excellence.<\/p><div class=\"uagb-ifb-button-wrapper wp-block-button\"><a href=\"qui-sommes-nous\/\" class=\"uagb-infobox-cta-link wp-block-button__link\" target=\"_self\" rel=\"noopener noreferrer\" onclick=\"return true;\"><span class=\"uagb-inline-editing\">Lire la Suite<\/span><\/a><\/div><\/div><\/div>\n<\/div>\n<\/div><\/div>\n\n\n\n<div class=\"wp-block-uagb-container uagb-block-43f78ea6 alignfull uagb-is-root-container\"><div class=\"uagb-container-inner-blocks-wrap\">\n<div class=\"wp-block-uagb-info-box uagb-block-52cbc377 uagb-infobox__content-wrap  uagb-infobox-icon-above-title uagb-infobox-image-valign-top\"><div class=\"uagb-ifb-content\"><div class=\"uagb-ifb-title-wrap\"><h2 class=\"uagb-ifb-title\">Contactez-Nous<\/h2><\/div><p class=\"uagb-ifb-desc\">Discutez avec nos experts pour d\u00e9couvrir comment nous pouvons vous accompagner.<\/p><\/div><\/div>\n\n\n\n<div class=\"wp-block-uagb-buttons uagb-buttons__outer-wrap uagb-btn__default-btn uagb-btn-tablet__default-btn uagb-btn-mobile__default-btn uagb-block-f4d2bfe9\"><div class=\"uagb-buttons__wrap uagb-buttons-layout-wrap \">\n<div class=\"wp-block-uagb-buttons-child uagb-buttons__outer-wrap uagb-block-1b3b52ed wp-block-button\"><div class=\"uagb-button__wrapper\"><a class=\"uagb-buttons-repeater wp-block-button__link\" aria-label=\"\" href=\"contactez-nous\/\" rel=\"follow noopener\" target=\"_self\" role=\"button\"><div class=\"uagb-button__link\">Commencer Maintenant<\/div><\/a><\/div><\/div>\n<\/div><\/div>\n<\/div><\/div>\n","protected":false},"excerpt":{"rendered":"<p>EULOGIA AFRIQUE est un cabinet \u00e0 vocation internationale, sp\u00e9cialis\u00e9 dans la formation, le conseil, la m\u00e9diation et l\u2019accompagnement strat\u00e9gique. Il [&hellip;]<\/p>\n","protected":false},"author":1,"featured_media":0,"parent":0,"menu_order":0,"comment_status":"closed","ping_status":"closed","template":"","meta":{"_uag_custom_page_level_css":"","site-sidebar-layout":"default","site-content-layout":"plain-container","ast-site-content-layout":"default","site-content-style":"default","site-sidebar-style":"default","ast-global-header-display":"","ast-banner-title-visibility":"","ast-main-header-display":"","ast-hfb-above-header-display":"","ast-hfb-below-header-display":"","ast-hfb-mobile-header-display":"","site-post-title":"disabled","ast-breadcrumbs-content":"","ast-featured-img":"","footer-sml-layout":"","ast-disable-related-posts":"","theme-transparent-header-meta":"","adv-header-id-meta":"","stick-header-meta":"","header-above-stick-meta":"","header-main-stick-meta":"","header-below-stick-meta":"","astra-migrate-meta-layouts":"set","ast-page-background-enabled":"default","ast-page-background-meta":{"desktop":{"background-color":"var(--ast-global-color-4)","background-image":"","background-repeat":"repeat","background-position":"center center","background-size":"auto","background-attachment":"scroll","background-type":"","background-media":"","overlay-type":"","overlay-color":"","overlay-opacity":"","overlay-gradient":""},"tablet":{"background-color":"","background-image":"","background-repeat":"repeat","background-position":"center center","background-size":"auto","background-attachment":"scroll","background-type":"","background-media":"","overlay-type":"","overlay-color":"","overlay-opacity":"","overlay-gradient":""},"mobile":{"background-color":"","background-image":"","background-repeat":"repeat","background-position":"center center","background-size":"auto","background-attachment":"scroll","background-type":"","background-media":"","overlay-type":"","overlay-color":"","overlay-opacity":"","overlay-gradient":""}},"ast-content-background-meta":{"desktop":{"background-color":"var(--ast-global-color-5)","background-image":"","background-repeat":"repeat","background-position":"center center","background-size":"auto","background-attachment":"scroll","background-type":"","background-media":"","overlay-type":"","overlay-color":"","overlay-opacity":"","overlay-gradient":""},"tablet":{"background-color":"var(--ast-global-color-5)","background-image":"","background-repeat":"repeat","background-position":"center center","background-size":"auto","background-attachment":"scroll","background-type":"","background-media":"","overlay-type":"","overlay-color":"","overlay-opacity":"","overlay-gradient":""},"mobile":{"background-color":"var(--ast-global-color-5)","background-image":"","background-repeat":"repeat","background-position":"center center","background-size":"auto","background-attachment":"scroll","background-type":"","background-media":"","overlay-type":"","overlay-color":"","overlay-opacity":"","overlay-gradient":""}},"footnotes":""},"class_list":["post-1330","page","type-page","status-publish","hentry"],"uagb_featured_image_src":{"full":false,"thumbnail":false,"medium":false,"medium_large":false,"large":false,"1536x1536":false,"2048x2048":false},"uagb_author_info":{"display_name":"Franck","author_link":"https:\/\/eulogia-afrique.com\/site\/author\/admin\/"},"uagb_comment_info":0,"uagb_excerpt":"EULOGIA AFRIQUE est un cabinet \u00e0 vocation internationale, sp\u00e9cialis\u00e9 dans la formation, le conseil, la m\u00e9diation et l\u2019accompagnement strat\u00e9gique. Il [&hellip;]","_links":{"self":[{"href":"https:\/\/eulogia-afrique.com\/site\/wp-json\/wp\/v2\/pages\/1330","targetHints":{"allow":["GET"]}}],"collection":[{"href":"https:\/\/eulogia-afrique.com\/site\/wp-json\/wp\/v2\/pages"}],"about":[{"href":"https:\/\/eulogia-afrique.com\/site\/wp-json\/wp\/v2\/types\/page"}],"author":[{"embeddable":true,"href":"https:\/\/eulogia-afrique.com\/site\/wp-json\/wp\/v2\/users\/1"}],"replies":[{"embeddable":true,"href":"https:\/\/eulogia-afrique.com\/site\/wp-json\/wp\/v2\/comments?post=1330"}],"version-history":[{"count":25,"href":"https:\/\/eulogia-afrique.com\/site\/wp-json\/wp\/v2\/pages\/1330\/revisions"}],"predecessor-version":[{"id":1663,"href":"https:\/\/eulogia-afrique.com\/site\/wp-json\/wp\/v2\/pages\/1330\/revisions\/1663"}],"wp:attachment":[{"href":"https:\/\/eulogia-afrique.com\/site\/wp-json\/wp\/v2\/media?parent=1330"}],"curies":[{"name":"wp","href":"https:\/\/api.w.org\/{rel}","templated":true}]}}