{"id":1332,"date":"2025-09-24T17:50:42","date_gmt":"2025-09-24T15:50:42","guid":{"rendered":"https:\/\/eulogia-afrique.com\/site\/about-us\/"},"modified":"2026-03-07T01:12:46","modified_gmt":"2026-03-07T00:12:46","slug":"notre-equipe","status":"publish","type":"page","link":"https:\/\/eulogia-afrique.com\/site\/notre-equipe\/","title":{"rendered":"Notre \u00e9quipe"},"content":{"rendered":"\n<div class=\"wp-block-uagb-container uagb-block-b9cc7a1c alignfull uagb-is-root-container\"><div class=\"uagb-container-inner-blocks-wrap\">\n<div class=\"wp-block-uagb-advanced-heading uagb-block-0ae51710\"><h1 class=\"uagb-heading-text\">Notre \u00e9quipe<\/h1><\/div>\n<\/div><\/div>\n\n\n\n<div class=\"wp-block-uagb-container uagb-block-5f7f6f03 alignfull uagb-is-root-container\"><div class=\"uagb-container-inner-blocks-wrap\">\n<div class=\"wp-block-group is-nowrap is-layout-flex wp-container-core-group-is-layout-6c531013 wp-block-group-is-layout-flex\">\n<div class=\"wp-block-uagb-advanced-heading uagb-block-12fcb048\"><h2 class=\"uagb-heading-text\">Une \u00e9quipe pluridisciplinaire qualifi\u00e9e<\/h2><p class=\"uagb-desc-text\">EULOGIA AFRIQUE s\u2019appuie sur une \u00e9quipe d\u2019experts de haut niveau, issus des domaines du droit, de la magistrature, de la banque, de l\u2019administration du travail, de la m\u00e9diation et des sciences sociales. Le cabinet collabore \u00e9galement avec d\u2019autres experts qualifi\u00e9s en droit, journalisme et sociologie.<\/p><\/div>\n<\/div>\n<\/div><\/div>\n\n\n\n<div class=\"wp-block-uagb-container uagb-block-0f99c3d5 alignfull uagb-is-root-container\"><div class=\"uagb-container-inner-blocks-wrap\">\n<div class=\"wp-block-uagb-container uagb-block-493f6ce1\">\n<div class=\"wp-block-uagb-container uagb-block-c0da353d\">\n<p class=\"has-text-align-center has-ast-global-color-0-color has-text-color has-link-color wp-elements-062e2ec225aae6677f768b6b1c703dd4\" style=\"font-size:16px\"><\/p>\n\n\n\n<div class=\"wp-block-uagb-image uagb-block-0378f213 wp-block-uagb-image--layout-default wp-block-uagb-image--effect-static wp-block-uagb-image--align-none\"><figure class=\"wp-block-uagb-image__figure\"><img srcset=\"https:\/\/eulogia-afrique.com\/site\/wp-content\/uploads\/2026\/03\/photo-president-683x1024.png ,https:\/\/eulogia-afrique.com\/site\/wp-content\/uploads\/2026\/03\/photo-president.png 780w, https:\/\/eulogia-afrique.com\/site\/wp-content\/uploads\/2026\/03\/photo-president.png 360w\" sizes=\"auto, (max-width: 480px) 150px\"  alt=\"photo president\" class=\"uag-image-1675 lws-optimize-lazyload\" width=\"300\" height=\"450\" title=\"photo president\" loading=\"lazy\" role=\"img\"\/ data-src=\"https:\/\/eulogia-afrique.com\/site\/wp-content\/uploads\/2026\/03\/photo-president-683x1024.png\"><\/figure><\/div>\n\n\n\n<div class=\"wp-block-uagb-advanced-heading uagb-block-cdc0f1b9\"><h3 class=\"uagb-heading-text\">Dr Euloge AKPO<\/h3><p class=\"uagb-desc-text\">Pr\u00e9sident du Cabinet EULOGIA AFRIQUE. Docteur en droit priv\u00e9, m\u00e9diateur CAMeC-B\u00e9nin, auditeur MACC (M\u00e9diateurs Arbitres Certifi\u00e9s Constellation), magistrat \u00e0 la retraite. Ancien Pr\u00e9sident du Tribunal de Cotonou et ancien juge \u00e0 la Cour de Justice de l\u2019UEMOA.<\/p><\/div>\n<\/div>\n\n\n\n<div class=\"wp-block-uagb-container uagb-block-a44f5268\">\n<p class=\"has-text-align-center has-ast-global-color-0-color has-text-color has-link-color wp-elements-062e2ec225aae6677f768b6b1c703dd4\" style=\"font-size:16px\"><\/p>\n\n\n\n<div class=\"wp-block-uagb-image uagb-block-77ffaa6d wp-block-uagb-image--layout-default wp-block-uagb-image--effect-static wp-block-uagb-image--align-none\"><figure class=\"wp-block-uagb-image__figure\"><img srcset=\"https:\/\/eulogia-afrique.com\/site\/wp-content\/uploads\/2026\/03\/photo-mme-Akpaka-683x1024.png ,https:\/\/eulogia-afrique.com\/site\/wp-content\/uploads\/2026\/03\/photo-mme-Akpaka.png 780w, https:\/\/eulogia-afrique.com\/site\/wp-content\/uploads\/2026\/03\/photo-mme-Akpaka.png 360w\" sizes=\"auto, (max-width: 480px) 150px\"  alt=\"photo mme akpaka\" class=\"uag-image-1673 lws-optimize-lazyload\" width=\"300\" height=\"450\" title=\"photo mme akpaka\" loading=\"lazy\" role=\"img\"\/ data-src=\"https:\/\/eulogia-afrique.com\/site\/wp-content\/uploads\/2026\/03\/photo-mme-Akpaka-683x1024.png\"><\/figure><\/div>\n\n\n\n<div class=\"wp-block-uagb-advanced-heading uagb-block-fd65736d\"><h3 class=\"uagb-heading-text\">Mme Estelle Sidonie AKPAKA<\/h3><p class=\"uagb-desc-text\">Experte, sp\u00e9cialiste en droit bancaire. Ancienne cadre de banque, aujourd\u2019hui \u00e0 la retraite, disposant d\u2019une solide exp\u00e9rience dans la gestion bancaire et le conseil financier.<\/p><\/div>\n<\/div>\n\n\n\n<div class=\"wp-block-uagb-container uagb-block-b3c03ce4\">\n<p class=\"has-text-align-center has-ast-global-color-0-color has-text-color has-link-color wp-elements-062e2ec225aae6677f768b6b1c703dd4\" style=\"font-size:16px\"><\/p>\n\n\n\n<div class=\"wp-block-uagb-image uagb-block-5322a7b4 wp-block-uagb-image--layout-default wp-block-uagb-image--effect-static wp-block-uagb-image--align-none\"><figure class=\"wp-block-uagb-image__figure\"><img srcset=\"https:\/\/eulogia-afrique.com\/site\/wp-content\/uploads\/2026\/03\/photo-mr-DJANGOUN-683x1024.png ,https:\/\/eulogia-afrique.com\/site\/wp-content\/uploads\/2026\/03\/photo-mr-DJANGOUN.png 780w, https:\/\/eulogia-afrique.com\/site\/wp-content\/uploads\/2026\/03\/photo-mr-DJANGOUN.png 360w\" sizes=\"auto, (max-width: 480px) 150px\"  alt=\"photo mr djangoun\" class=\"uag-image-1657 lws-optimize-lazyload\" width=\"300\" height=\"450\" title=\"photo mr djangoun\" loading=\"lazy\" role=\"img\"\/ data-src=\"https:\/\/eulogia-afrique.com\/site\/wp-content\/uploads\/2026\/03\/photo-mr-DJANGOUN-683x1024.png\"><\/figure><\/div>\n\n\n\n<div class=\"wp-block-uagb-advanced-heading uagb-block-3d3e70a3\"><h3 class=\"uagb-heading-text\">M. Ernest DJAGOUN AFOUDA<\/h3><p class=\"uagb-desc-text\">Expert, sp\u00e9cialiste en administration du travail et de la s\u00e9curit\u00e9 sociale, ancien Directeur G\u00e9n\u00e9ral du Travail, ancien Pr\u00e9sident et expert du Conseil du Travail et du Dialogue Social (CTDS) de l\u2019UEMOA.<\/p><\/div>\n<\/div>\n<\/div>\n<\/div><\/div>\n\n\n\n<div class=\"wp-block-uagb-container uagb-block-f4a6df5a alignfull uagb-is-root-container\"><div class=\"uagb-container-inner-blocks-wrap\">\n<div class=\"wp-block-group is-nowrap is-layout-flex wp-container-core-group-is-layout-6c531013 wp-block-group-is-layout-flex\">\n<p class=\"has-text-align-center\"><\/p>\n<\/div>\n<\/div><\/div>\n\n\n\n<div class=\"wp-block-uagb-container uagb-block-43f78ea6 alignfull uagb-is-root-container\"><div class=\"uagb-container-inner-blocks-wrap\">\n<div class=\"wp-block-uagb-info-box uagb-block-52cbc377 uagb-infobox__content-wrap  uagb-infobox-icon-above-title uagb-infobox-image-valign-top\"><div class=\"uagb-ifb-content\"><div class=\"uagb-ifb-title-wrap\"><h2 class=\"uagb-ifb-title\">Contactez-Nous<\/h2><\/div><p class=\"uagb-ifb-desc\">Discutez avec nos experts pour d\u00e9couvrir comment nous pouvons vous accompagner.<\/p><\/div><\/div>\n\n\n\n<div class=\"wp-block-uagb-buttons uagb-buttons__outer-wrap uagb-btn__default-btn uagb-btn-tablet__default-btn uagb-btn-mobile__default-btn uagb-block-f4d2bfe9\"><div class=\"uagb-buttons__wrap uagb-buttons-layout-wrap \">\n<div class=\"wp-block-uagb-buttons-child uagb-buttons__outer-wrap uagb-block-1b3b52ed wp-block-button\"><div class=\"uagb-button__wrapper\"><a class=\"uagb-buttons-repeater wp-block-button__link\" aria-label=\"\" href=\"contactez-nous\/\" rel=\"follow noopener\" target=\"_self\" role=\"button\"><div class=\"uagb-button__link\">Commencer Maintenant<\/div><\/a><\/div><\/div>\n<\/div><\/div>\n<\/div><\/div>\n","protected":false},"excerpt":{"rendered":"<p>Notre \u00e9quipe Une \u00e9quipe pluridisciplinaire qualifi\u00e9e EULOGIA AFRIQUE s\u2019appuie sur une \u00e9quipe d\u2019experts de haut niveau, issus des domaines du [&hellip;]<\/p>\n","protected":false},"author":1,"featured_media":0,"parent":0,"menu_order":2,"comment_status":"closed","ping_status":"closed","template":"","meta":{"_uag_custom_page_level_css":"","site-sidebar-layout":"default","site-content-layout":"","ast-site-content-layout":"default","site-content-style":"default","site-sidebar-style":"default","ast-global-header-display":"","ast-banner-title-visibility":"","ast-main-header-display":"","ast-hfb-above-header-display":"","ast-hfb-below-header-display":"","ast-hfb-mobile-header-display":"","site-post-title":"disabled","ast-breadcrumbs-content":"","ast-featured-img":"","footer-sml-layout":"","ast-disable-related-posts":"","theme-transparent-header-meta":"","adv-header-id-meta":"","stick-header-meta":"","header-above-stick-meta":"","header-main-stick-meta":"","header-below-stick-meta":"","astra-migrate-meta-layouts":"set","ast-page-background-enabled":"default","ast-page-background-meta":{"desktop":{"background-color":"var(--ast-global-color-4)","background-image":"","background-repeat":"repeat","background-position":"center center","background-size":"auto","background-attachment":"scroll","background-type":"","background-media":"","overlay-type":"","overlay-color":"","overlay-opacity":"","overlay-gradient":""},"tablet":{"background-color":"","background-image":"","background-repeat":"repeat","background-position":"center center","background-size":"auto","background-attachment":"scroll","background-type":"","background-media":"","overlay-type":"","overlay-color":"","overlay-opacity":"","overlay-gradient":""},"mobile":{"background-color":"","background-image":"","background-repeat":"repeat","background-position":"center center","background-size":"auto","background-attachment":"scroll","background-type":"","background-media":"","overlay-type":"","overlay-color":"","overlay-opacity":"","overlay-gradient":""}},"ast-content-background-meta":{"desktop":{"background-color":"var(--ast-global-color-5)","background-image":"","background-repeat":"repeat","background-position":"center center","background-size":"auto","background-attachment":"scroll","background-type":"","background-media":"","overlay-type":"","overlay-color":"","overlay-opacity":"","overlay-gradient":""},"tablet":{"background-color":"var(--ast-global-color-5)","background-image":"","background-repeat":"repeat","background-position":"center center","background-size":"auto","background-attachment":"scroll","background-type":"","background-media":"","overlay-type":"","overlay-color":"","overlay-opacity":"","overlay-gradient":""},"mobile":{"background-color":"var(--ast-global-color-5)","background-image":"","background-repeat":"repeat","background-position":"center center","background-size":"auto","background-attachment":"scroll","background-type":"","background-media":"","overlay-type":"","overlay-color":"","overlay-opacity":"","overlay-gradient":""}},"footnotes":""},"class_list":["post-1332","page","type-page","status-publish","hentry"],"uagb_featured_image_src":{"full":false,"thumbnail":false,"medium":false,"medium_large":false,"large":false,"1536x1536":false,"2048x2048":false},"uagb_author_info":{"display_name":"Franck","author_link":"https:\/\/eulogia-afrique.com\/site\/author\/admin\/"},"uagb_comment_info":0,"uagb_excerpt":"Notre \u00e9quipe Une \u00e9quipe pluridisciplinaire qualifi\u00e9e EULOGIA AFRIQUE s\u2019appuie sur une \u00e9quipe d\u2019experts de haut niveau, issus des domaines du [&hellip;]","_links":{"self":[{"href":"https:\/\/eulogia-afrique.com\/site\/wp-json\/wp\/v2\/pages\/1332","targetHints":{"allow":["GET"]}}],"collection":[{"href":"https:\/\/eulogia-afrique.com\/site\/wp-json\/wp\/v2\/pages"}],"about":[{"href":"https:\/\/eulogia-afrique.com\/site\/wp-json\/wp\/v2\/types\/page"}],"author":[{"embeddable":true,"href":"https:\/\/eulogia-afrique.com\/site\/wp-json\/wp\/v2\/users\/1"}],"replies":[{"embeddable":true,"href":"https:\/\/eulogia-afrique.com\/site\/wp-json\/wp\/v2\/comments?post=1332"}],"version-history":[{"count":21,"href":"https:\/\/eulogia-afrique.com\/site\/wp-json\/wp\/v2\/pages\/1332\/revisions"}],"predecessor-version":[{"id":1683,"href":"https:\/\/eulogia-afrique.com\/site\/wp-json\/wp\/v2\/pages\/1332\/revisions\/1683"}],"wp:attachment":[{"href":"https:\/\/eulogia-afrique.com\/site\/wp-json\/wp\/v2\/media?parent=1332"}],"curies":[{"name":"wp","href":"https:\/\/api.w.org\/{rel}","templated":true}]}}