{"id":1493,"date":"2026-02-07T18:27:48","date_gmt":"2026-02-07T17:27:48","guid":{"rendered":"https:\/\/eulogia-afrique.com\/site\/?page_id=1493"},"modified":"2026-03-06T21:45:18","modified_gmt":"2026-03-06T20:45:18","slug":"qui-sommes-nous","status":"publish","type":"page","link":"https:\/\/eulogia-afrique.com\/site\/qui-sommes-nous\/","title":{"rendered":"Qui sommes-nous ?"},"content":{"rendered":"\n<div class=\"wp-block-uagb-container uagb-block-2a911720 alignfull uagb-is-root-container\"><div class=\"uagb-container-inner-blocks-wrap\">\n<div class=\"wp-block-uagb-advanced-heading uagb-block-37007e46\"><h1 class=\"uagb-heading-text\">Qui sommes-nous ?<\/h1><\/div>\n<\/div><\/div>\n\n\n\n<div class=\"wp-block-uagb-container uagb-block-6b0a45b6 alignfull uagb-is-root-container\"><div class=\"uagb-container-inner-blocks-wrap\">\n<div class=\"wp-block-uagb-container uagb-block-83bd379f\">\n<div class=\"wp-block-group is-nowrap is-layout-flex wp-container-core-group-is-layout-6c531013 wp-block-group-is-layout-flex\">\n<div class=\"wp-block-uagb-container uagb-block-3f003211\">\n<div class=\"wp-block-uagb-info-box uagb-block-5a6a3882 uagb-infobox__content-wrap  uagb-infobox-icon-above-title uagb-infobox-image-valign-top\"><div class=\"uagb-ifb-content\"><div class=\"uagb-ifb-title-wrap\"><h2 class=\"uagb-ifb-title\">Pr\u00e9sentation du cabinet<\/h2><\/div><p class=\"uagb-ifb-desc\">EULOGIA AFRIQUE est un cabinet \u00e9tabli au B\u00e9nin, mais \u00e0 vocation internationale de formation et de conseil rassemblant une \u00e9quipe pluridisciplinaire d\u2019experts, dot\u00e9s d\u2019une solide exp\u00e9rience nationale et internationale. Son ambition est de contribuer au renforcement de capacit\u00e9s des acteurs nationaux et des organisations d\u2019int\u00e9gration \u00e9conomique en droit communautaire et bancaire. Nous fournissons, aux hommes d\u2019affaire et \u00e0 tout professionnel int\u00e9ress\u00e9, les outils juridiques n\u00e9cessaires pour pr\u00e9venir ou combattre les pratiques anticoncurrentielles.<br>Nos cours, dispens\u00e9s en pr\u00e9sentiel, sont enrichis d\u2019art oratoire, de formation en leadership de service, d\u2019activit\u00e9s culturelles et touristiques. Ils peuvent l\u2019\u00eatre en ligne.<br>Le cabinet promeut \u00e9galement la culture du r\u00e8glement amiable des conflits. Il s\u2019agit des cas l\u00e9gaux de m\u00e9diation commerciale, fonci\u00e8re, institutionnelle, sociale, familiale, interreligieuse, intra religieuse, politique, etc.<\/p><\/div><\/div>\n<\/div>\n\n\n\n<div class=\"wp-block-uagb-image alignright uagb-block-32ab58fe wp-block-uagb-image--layout-default wp-block-uagb-image--effect-static wp-block-uagb-image--align-right\"><figure class=\"wp-block-uagb-image__figure\"><img srcset=\"https:\/\/eulogia-afrique.com\/site\/wp-content\/uploads\/2025\/09\/expert-juridique-expliquant-les-specificites-du-contrat-scaled.jpg ,https:\/\/eulogia-afrique.com\/site\/wp-content\/uploads\/2025\/09\/expert-juridique-expliquant-les-specificites-du-contrat-scaled.jpg 780w, https:\/\/eulogia-afrique.com\/site\/wp-content\/uploads\/2025\/09\/expert-juridique-expliquant-les-specificites-du-contrat-scaled.jpg 360w\" sizes=\"auto, (max-width: 480px) 150px\" alt=\"Expert Juridique Expliquant Les Specificites Du Contrat Scaled\" class=\"uag-image-6 lws-optimize-lazyload\" width=\"532\" height=\"357\" title=\"Qui sommes-nous ?\" loading=\"lazy\" role=\"presentation\" data-src=\"https:\/\/eulogia-afrique.com\/site\/wp-content\/uploads\/2025\/09\/expert-juridique-expliquant-les-specificites-du-contrat-scaled.jpg\"><\/figure><\/div>\n<\/div>\n<\/div>\n\n\n\n<div class=\"wp-block-uagb-container uagb-block-5b0063ce\">\n<div class=\"wp-block-uagb-image alignleft uagb-block-fcfcefd9 wp-block-uagb-image--layout-default wp-block-uagb-image--effect-static wp-block-uagb-image--align-left\"><figure class=\"wp-block-uagb-image__figure\"><img srcset=\"https:\/\/eulogia-afrique.com\/site\/wp-content\/uploads\/2025\/09\/partenaires-d-affaires-assis-dans-un-cafe-scaled.jpg ,https:\/\/eulogia-afrique.com\/site\/wp-content\/uploads\/2025\/09\/partenaires-d-affaires-assis-dans-un-cafe-scaled.jpg 780w, https:\/\/eulogia-afrique.com\/site\/wp-content\/uploads\/2025\/09\/partenaires-d-affaires-assis-dans-un-cafe-scaled.jpg 360w\" sizes=\"auto, (max-width: 480px) 150px\" alt=\"Partenaires D Affaires Assis Dans Un Cafe Scaled\" class=\"uag-image-7 lws-optimize-lazyload\" width=\"560\" height=\"250\" title=\"Qui sommes-nous ?\" loading=\"lazy\" role=\"img\" data-src=\"https:\/\/eulogia-afrique.com\/site\/wp-content\/uploads\/2025\/09\/partenaires-d-affaires-assis-dans-un-cafe-scaled.jpg\"><\/figure><\/div>\n\n\n\n<div class=\"wp-block-uagb-container uagb-block-8e8be07f\">\n<div class=\"wp-block-uagb-info-box uagb-block-bb00902d uagb-infobox__content-wrap  uagb-infobox-icon-above-title uagb-infobox-image-valign-top\"><div class=\"uagb-ifb-content\"><div class=\"uagb-ifb-title-wrap\"><h2 class=\"uagb-ifb-title\">Mission et vision<\/h2><\/div><p class=\"uagb-ifb-desc\">La mission du cabinet est d\u2019accompagner les d\u00e9cideurs, professionnels et organisations dans la ma\u00eetrise des cadres juridiques et institutionnels, la pr\u00e9vention des conflits et le d\u00e9veloppement d\u2019un leadership responsable.<br>Notre vision est celle d\u2019une Afrique juridiquement s\u00e9curis\u00e9e, \u00e9conomiquement int\u00e9gr\u00e9e et socialement apais\u00e9e, fond\u00e9e sur le dialogue, la comp\u00e9tence et l\u2019excellence.<\/p><\/div><\/div>\n<\/div>\n<\/div>\n\n\n\n<div class=\"wp-block-uagb-container uagb-block-6144972b\">\n<div class=\"wp-block-uagb-container uagb-block-37e0bb2e\">\n<div class=\"wp-block-uagb-info-box uagb-block-10411b91 uagb-infobox__content-wrap  uagb-infobox-icon-above-title uagb-infobox-image-valign-top\"><div class=\"uagb-ifb-content\"><div class=\"uagb-ifb-title-wrap\"><h2 class=\"uagb-ifb-title\">Valeurs<\/h2><\/div><\/div><\/div>\n\n\n\n<div class=\"wp-block-uagb-icon-list uagb-block-9e2f46d2\"><div class=\"uagb-icon-list__wrap\">\n<div class=\"wp-block-uagb-icon-list-child uagb-block-37a806b2\"><span class=\"uagb-icon-list__source-wrap\"><svg xmlns=\"https:\/\/www.w3.org\/2000\/svg\" viewBox=\"0 0 512 512\"><path d=\"M256 0C114.6 0 0 114.6 0 256c0 141.4 114.6 256 256 256s256-114.6 256-256C512 114.6 397.4 0 256 0zM406.6 278.6l-103.1 103.1c-12.5 12.5-32.75 12.5-45.25 0s-12.5-32.75 0-45.25L306.8 288H128C110.3 288 96 273.7 96 256s14.31-32 32-32h178.8l-49.38-49.38c-12.5-12.5-12.5-32.75 0-45.25s32.75-12.5 45.25 0l103.1 103.1C414.6 241.3 416 251.1 416 256C416 260.9 414.6 270.7 406.6 278.6z\"><\/path><\/svg><\/span><span class=\"uagb-icon-list__label\">Int\u00e9grit\u00e9 et \u00e9thique professionnelle<\/span><\/div>\n\n\n\n<div class=\"wp-block-uagb-icon-list-child uagb-block-3b3d18bf\"><span class=\"uagb-icon-list__source-wrap\"><svg xmlns=\"https:\/\/www.w3.org\/2000\/svg\" viewBox=\"0 0 512 512\"><path d=\"M256 0C114.6 0 0 114.6 0 256c0 141.4 114.6 256 256 256s256-114.6 256-256C512 114.6 397.4 0 256 0zM406.6 278.6l-103.1 103.1c-12.5 12.5-32.75 12.5-45.25 0s-12.5-32.75 0-45.25L306.8 288H128C110.3 288 96 273.7 96 256s14.31-32 32-32h178.8l-49.38-49.38c-12.5-12.5-12.5-32.75 0-45.25s32.75-12.5 45.25 0l103.1 103.1C414.6 241.3 416 251.1 416 256C416 260.9 414.6 270.7 406.6 278.6z\"><\/path><\/svg><\/span><span class=\"uagb-icon-list__label\">Excellence et rigueur juridique<\/span><\/div>\n\n\n\n<div class=\"wp-block-uagb-icon-list-child uagb-block-554706b8\"><span class=\"uagb-icon-list__source-wrap\"><svg xmlns=\"https:\/\/www.w3.org\/2000\/svg\" viewBox=\"0 0 512 512\"><path d=\"M256 0C114.6 0 0 114.6 0 256c0 141.4 114.6 256 256 256s256-114.6 256-256C512 114.6 397.4 0 256 0zM406.6 278.6l-103.1 103.1c-12.5 12.5-32.75 12.5-45.25 0s-12.5-32.75 0-45.25L306.8 288H128C110.3 288 96 273.7 96 256s14.31-32 32-32h178.8l-49.38-49.38c-12.5-12.5-12.5-32.75 0-45.25s32.75-12.5 45.25 0l103.1 103.1C414.6 241.3 416 251.1 416 256C416 260.9 414.6 270.7 406.6 278.6z\"><\/path><\/svg><\/span><span class=\"uagb-icon-list__label\">Dialogue et r\u00e8glement pacifique des conflits<\/span><\/div>\n\n\n\n<div class=\"wp-block-uagb-icon-list-child uagb-block-0a987d6d\"><span class=\"uagb-icon-list__source-wrap\"><svg xmlns=\"https:\/\/www.w3.org\/2000\/svg\" viewBox=\"0 0 512 512\"><path d=\"M256 0C114.6 0 0 114.6 0 256c0 141.4 114.6 256 256 256s256-114.6 256-256C512 114.6 397.4 0 256 0zM406.6 278.6l-103.1 103.1c-12.5 12.5-32.75 12.5-45.25 0s-12.5-32.75 0-45.25L306.8 288H128C110.3 288 96 273.7 96 256s14.31-32 32-32h178.8l-49.38-49.38c-12.5-12.5-12.5-32.75 0-45.25s32.75-12.5 45.25 0l103.1 103.1C414.6 241.3 416 251.1 416 256C416 260.9 414.6 270.7 406.6 278.6z\"><\/path><\/svg><\/span><span class=\"uagb-icon-list__label\">Transmission du savoir et renforcement des capacit\u00e9s<\/span><\/div>\n<\/div><\/div>\n\n\n\n<div class=\"wp-block-uagb-icon-list uagb-block-491bcd7e\"><div class=\"uagb-icon-list__wrap\"><\/div><\/div>\n<\/div>\n\n\n\n<div class=\"wp-block-uagb-image alignright uagb-block-94ca89bf wp-block-uagb-image--layout-default wp-block-uagb-image--effect-static wp-block-uagb-image--align-right\"><figure class=\"wp-block-uagb-image__figure\"><img srcset=\"https:\/\/eulogia-afrique.com\/site\/wp-content\/uploads\/2025\/09\/portrait-d-un-professeur-au-travail-dans-le-systeme-educatif-scaled.jpg ,https:\/\/eulogia-afrique.com\/site\/wp-content\/uploads\/2025\/09\/portrait-d-un-professeur-au-travail-dans-le-systeme-educatif-scaled.jpg 780w, https:\/\/eulogia-afrique.com\/site\/wp-content\/uploads\/2025\/09\/portrait-d-un-professeur-au-travail-dans-le-systeme-educatif-scaled.jpg 360w\" sizes=\"auto, (max-width: 480px) 150px\" alt=\"Portrait D Un Professeur Au Travail Dans Le Systeme Educatif Scaled\" class=\"uag-image-8 lws-optimize-lazyload\" width=\"560\" height=\"250\" title=\"Qui sommes-nous ?\" loading=\"lazy\" role=\"img\" data-src=\"https:\/\/eulogia-afrique.com\/site\/wp-content\/uploads\/2025\/09\/portrait-d-un-professeur-au-travail-dans-le-systeme-educatif-scaled.jpg\"><\/figure><\/div>\n<\/div>\n<\/div><\/div>\n\n\n\n<div class=\"wp-block-uagb-container uagb-block-43f78ea6 alignfull uagb-is-root-container\"><div class=\"uagb-container-inner-blocks-wrap\">\n<div class=\"wp-block-uagb-info-box uagb-block-52cbc377 uagb-infobox__content-wrap  uagb-infobox-icon-above-title uagb-infobox-image-valign-top\"><div class=\"uagb-ifb-content\"><div class=\"uagb-ifb-title-wrap\"><h2 class=\"uagb-ifb-title\">Contactez-Nous<\/h2><\/div><p class=\"uagb-ifb-desc\">Discutez avec nos experts pour d\u00e9couvrir comment nous pouvons vous accompagner.<\/p><\/div><\/div>\n\n\n\n<div class=\"wp-block-uagb-buttons uagb-buttons__outer-wrap uagb-btn__default-btn uagb-btn-tablet__default-btn uagb-btn-mobile__default-btn uagb-block-f4d2bfe9\"><div class=\"uagb-buttons__wrap uagb-buttons-layout-wrap \">\n<div class=\"wp-block-uagb-buttons-child uagb-buttons__outer-wrap uagb-block-1b3b52ed wp-block-button\"><div class=\"uagb-button__wrapper\"><a class=\"uagb-buttons-repeater wp-block-button__link\" aria-label=\"\" href=\"contactez-nous\/\" rel=\"follow noopener\" target=\"_self\" role=\"button\"><div class=\"uagb-button__link\">Commencer Maintenant<\/div><\/a><\/div><\/div>\n<\/div><\/div>\n<\/div><\/div>\n","protected":false},"excerpt":{"rendered":"<p>Qui sommes-nous ?<\/p>\n","protected":false},"author":1,"featured_media":0,"parent":0,"menu_order":1,"comment_status":"closed","ping_status":"closed","template":"","meta":{"_uag_custom_page_level_css":"","site-sidebar-layout":"default","site-content-layout":"","ast-site-content-layout":"default","site-content-style":"default","site-sidebar-style":"default","ast-global-header-display":"","ast-banner-title-visibility":"","ast-main-header-display":"","ast-hfb-above-header-display":"","ast-hfb-below-header-display":"","ast-hfb-mobile-header-display":"","site-post-title":"disabled","ast-breadcrumbs-content":"","ast-featured-img":"","footer-sml-layout":"","ast-disable-related-posts":"","theme-transparent-header-meta":"","adv-header-id-meta":"","stick-header-meta":"","header-above-stick-meta":"","header-main-stick-meta":"","header-below-stick-meta":"","astra-migrate-meta-layouts":"set","ast-page-background-enabled":"default","ast-page-background-meta":{"desktop":{"background-color":"var(--ast-global-color-4)","background-image":"","background-repeat":"repeat","background-position":"center center","background-size":"auto","background-attachment":"scroll","background-type":"","background-media":"","overlay-type":"","overlay-color":"","overlay-opacity":"","overlay-gradient":""},"tablet":{"background-color":"","background-image":"","background-repeat":"repeat","background-position":"center center","background-size":"auto","background-attachment":"scroll","background-type":"","background-media":"","overlay-type":"","overlay-color":"","overlay-opacity":"","overlay-gradient":""},"mobile":{"background-color":"","background-image":"","background-repeat":"repeat","background-position":"center center","background-size":"auto","background-attachment":"scroll","background-type":"","background-media":"","overlay-type":"","overlay-color":"","overlay-opacity":"","overlay-gradient":""}},"ast-content-background-meta":{"desktop":{"background-color":"var(--ast-global-color-5)","background-image":"","background-repeat":"repeat","background-position":"center center","background-size":"auto","background-attachment":"scroll","background-type":"","background-media":"","overlay-type":"","overlay-color":"","overlay-opacity":"","overlay-gradient":""},"tablet":{"background-color":"var(--ast-global-color-5)","background-image":"","background-repeat":"repeat","background-position":"center center","background-size":"auto","background-attachment":"scroll","background-type":"","background-media":"","overlay-type":"","overlay-color":"","overlay-opacity":"","overlay-gradient":""},"mobile":{"background-color":"var(--ast-global-color-5)","background-image":"","background-repeat":"repeat","background-position":"center center","background-size":"auto","background-attachment":"scroll","background-type":"","background-media":"","overlay-type":"","overlay-color":"","overlay-opacity":"","overlay-gradient":""}},"footnotes":""},"class_list":["post-1493","page","type-page","status-publish","hentry"],"uagb_featured_image_src":{"full":false,"thumbnail":false,"medium":false,"medium_large":false,"large":false,"1536x1536":false,"2048x2048":false},"uagb_author_info":{"display_name":"Franck","author_link":"https:\/\/eulogia-afrique.com\/site\/author\/admin\/"},"uagb_comment_info":0,"uagb_excerpt":"Qui sommes-nous ?","_links":{"self":[{"href":"https:\/\/eulogia-afrique.com\/site\/wp-json\/wp\/v2\/pages\/1493","targetHints":{"allow":["GET"]}}],"collection":[{"href":"https:\/\/eulogia-afrique.com\/site\/wp-json\/wp\/v2\/pages"}],"about":[{"href":"https:\/\/eulogia-afrique.com\/site\/wp-json\/wp\/v2\/types\/page"}],"author":[{"embeddable":true,"href":"https:\/\/eulogia-afrique.com\/site\/wp-json\/wp\/v2\/users\/1"}],"replies":[{"embeddable":true,"href":"https:\/\/eulogia-afrique.com\/site\/wp-json\/wp\/v2\/comments?post=1493"}],"version-history":[{"count":10,"href":"https:\/\/eulogia-afrique.com\/site\/wp-json\/wp\/v2\/pages\/1493\/revisions"}],"predecessor-version":[{"id":1605,"href":"https:\/\/eulogia-afrique.com\/site\/wp-json\/wp\/v2\/pages\/1493\/revisions\/1605"}],"wp:attachment":[{"href":"https:\/\/eulogia-afrique.com\/site\/wp-json\/wp\/v2\/media?parent=1493"}],"curies":[{"name":"wp","href":"https:\/\/api.w.org\/{rel}","templated":true}]}}