{"id":1569,"date":"2026-02-23T13:09:57","date_gmt":"2026-02-23T12:09:57","guid":{"rendered":"https:\/\/eulogia-afrique.com\/site\/?page_id=1569"},"modified":"2026-03-06T21:49:08","modified_gmt":"2026-03-06T20:49:08","slug":"formation-et-conseil","status":"publish","type":"page","link":"https:\/\/eulogia-afrique.com\/site\/formation-et-conseil\/","title":{"rendered":"Formation et conseil"},"content":{"rendered":"\n<div class=\"wp-block-uagb-container uagb-block-2a911720 alignfull uagb-is-root-container\"><div class=\"uagb-container-inner-blocks-wrap\">\n<div class=\"wp-block-uagb-advanced-heading uagb-block-37007e46\"><h1 class=\"uagb-heading-text\">Nos domaines d&rsquo;expertise<\/h1><\/div>\n<\/div><\/div>\n\n\n\n<div class=\"wp-block-uagb-container uagb-block-6b0a45b6 alignfull uagb-is-root-container\"><div class=\"uagb-container-inner-blocks-wrap\">\n<div id=\"Expertise-1\" class=\"wp-block-uagb-container uagb-block-83bd379f\">\n<div class=\"wp-block-uagb-container uagb-block-3f003211\">\n<div class=\"wp-block-uagb-info-box uagb-block-5a6a3882 uagb-infobox__content-wrap  uagb-infobox-icon-above-title uagb-infobox-image-valign-top\"><div class=\"uagb-ifb-content\"><div class=\"uagb-ifb-title-wrap\"><h2 class=\"uagb-ifb-title\">Formation et conseil<\/h2><\/div><p class=\"uagb-ifb-desc\">Nous proposons des programmes de formation innovants et personnalis\u00e9s qui r\u00e9pondent aux exigences sp\u00e9cifiques de chaque client. Nos formateurs experts partagent leurs connaissances en droit communautaire (dont le droit de la concurrence et le droit bancaire), en communication d\u2019impact et en leadership de service pour garantir la r\u00e9ussite professionnelle de nos participants.<\/p><\/div><\/div>\n<\/div>\n\n\n\n<div class=\"wp-block-uagb-image alignright uagb-block-32ab58fe wp-block-uagb-image--layout-default wp-block-uagb-image--effect-static wp-block-uagb-image--align-right\"><figure class=\"wp-block-uagb-image__figure\"><img srcset=\"https:\/\/eulogia-afrique.com\/site\/wp-content\/uploads\/2026\/02\/formation-conseil.png ,https:\/\/eulogia-afrique.com\/site\/wp-content\/uploads\/2026\/02\/formation-conseil.png 780w, https:\/\/eulogia-afrique.com\/site\/wp-content\/uploads\/2026\/02\/formation-conseil.png 360w\" sizes=\"auto, (max-width: 480px) 150px\"  alt=\"formation conseil\" class=\"uag-image-1579 lws-optimize-lazyload\" width=\"514\" height=\"250\" title=\"formation conseil\" loading=\"lazy\" role=\"img\"\/ data-src=\"https:\/\/eulogia-afrique.com\/site\/wp-content\/uploads\/2026\/02\/formation-conseil.png\"><\/figure><\/div>\n<\/div>\n<\/div><\/div>\n\n\n\n<div class=\"wp-block-uagb-container uagb-block-43f78ea6 alignfull uagb-is-root-container\"><div class=\"uagb-container-inner-blocks-wrap\">\n<div class=\"wp-block-uagb-info-box uagb-block-52cbc377 uagb-infobox__content-wrap  uagb-infobox-icon-above-title uagb-infobox-image-valign-top\"><div class=\"uagb-ifb-content\"><div class=\"uagb-ifb-title-wrap\"><h2 class=\"uagb-ifb-title\">Contactez-Nous<\/h2><\/div><p class=\"uagb-ifb-desc\">Discutez avec nos experts pour d\u00e9couvrir comment nous pouvons vous accompagner.<\/p><\/div><\/div>\n\n\n\n<div class=\"wp-block-uagb-buttons uagb-buttons__outer-wrap uagb-btn__default-btn uagb-btn-tablet__default-btn uagb-btn-mobile__default-btn uagb-block-f4d2bfe9\"><div class=\"uagb-buttons__wrap uagb-buttons-layout-wrap \">\n<div class=\"wp-block-uagb-buttons-child uagb-buttons__outer-wrap uagb-block-1b3b52ed wp-block-button\"><div class=\"uagb-button__wrapper\"><a class=\"uagb-buttons-repeater wp-block-button__link\" aria-label=\"\" href=\"contactez-nous\/\" rel=\"follow noopener\" target=\"_self\" role=\"button\"><div class=\"uagb-button__link\">Commencer Maintenant<\/div><\/a><\/div><\/div>\n<\/div><\/div>\n<\/div><\/div>\n","protected":false},"excerpt":{"rendered":"<p>Nos domaines d&rsquo;expertise<\/p>\n","protected":false},"author":1,"featured_media":0,"parent":0,"menu_order":3,"comment_status":"closed","ping_status":"closed","template":"","meta":{"_uag_custom_page_level_css":"","site-sidebar-layout":"default","site-content-layout":"","ast-site-content-layout":"default","site-content-style":"default","site-sidebar-style":"default","ast-global-header-display":"","ast-banner-title-visibility":"","ast-main-header-display":"","ast-hfb-above-header-display":"","ast-hfb-below-header-display":"","ast-hfb-mobile-header-display":"","site-post-title":"disabled","ast-breadcrumbs-content":"","ast-featured-img":"","footer-sml-layout":"","ast-disable-related-posts":"","theme-transparent-header-meta":"","adv-header-id-meta":"","stick-header-meta":"","header-above-stick-meta":"","header-main-stick-meta":"","header-below-stick-meta":"","astra-migrate-meta-layouts":"set","ast-page-background-enabled":"default","ast-page-background-meta":{"desktop":{"background-color":"var(--ast-global-color-4)","background-image":"","background-repeat":"repeat","background-position":"center center","background-size":"auto","background-attachment":"scroll","background-type":"","background-media":"","overlay-type":"","overlay-color":"","overlay-opacity":"","overlay-gradient":""},"tablet":{"background-color":"","background-image":"","background-repeat":"repeat","background-position":"center center","background-size":"auto","background-attachment":"scroll","background-type":"","background-media":"","overlay-type":"","overlay-color":"","overlay-opacity":"","overlay-gradient":""},"mobile":{"background-color":"","background-image":"","background-repeat":"repeat","background-position":"center center","background-size":"auto","background-attachment":"scroll","background-type":"","background-media":"","overlay-type":"","overlay-color":"","overlay-opacity":"","overlay-gradient":""}},"ast-content-background-meta":{"desktop":{"background-color":"var(--ast-global-color-5)","background-image":"","background-repeat":"repeat","background-position":"center center","background-size":"auto","background-attachment":"scroll","background-type":"","background-media":"","overlay-type":"","overlay-color":"","overlay-opacity":"","overlay-gradient":""},"tablet":{"background-color":"var(--ast-global-color-5)","background-image":"","background-repeat":"repeat","background-position":"center center","background-size":"auto","background-attachment":"scroll","background-type":"","background-media":"","overlay-type":"","overlay-color":"","overlay-opacity":"","overlay-gradient":""},"mobile":{"background-color":"var(--ast-global-color-5)","background-image":"","background-repeat":"repeat","background-position":"center center","background-size":"auto","background-attachment":"scroll","background-type":"","background-media":"","overlay-type":"","overlay-color":"","overlay-opacity":"","overlay-gradient":""}},"footnotes":""},"class_list":["post-1569","page","type-page","status-publish","hentry"],"uagb_featured_image_src":{"full":false,"thumbnail":false,"medium":false,"medium_large":false,"large":false,"1536x1536":false,"2048x2048":false},"uagb_author_info":{"display_name":"Franck","author_link":"https:\/\/eulogia-afrique.com\/site\/author\/admin\/"},"uagb_comment_info":0,"uagb_excerpt":"Nos domaines d&rsquo;expertise","_links":{"self":[{"href":"https:\/\/eulogia-afrique.com\/site\/wp-json\/wp\/v2\/pages\/1569","targetHints":{"allow":["GET"]}}],"collection":[{"href":"https:\/\/eulogia-afrique.com\/site\/wp-json\/wp\/v2\/pages"}],"about":[{"href":"https:\/\/eulogia-afrique.com\/site\/wp-json\/wp\/v2\/types\/page"}],"author":[{"embeddable":true,"href":"https:\/\/eulogia-afrique.com\/site\/wp-json\/wp\/v2\/users\/1"}],"replies":[{"embeddable":true,"href":"https:\/\/eulogia-afrique.com\/site\/wp-json\/wp\/v2\/comments?post=1569"}],"version-history":[{"count":2,"href":"https:\/\/eulogia-afrique.com\/site\/wp-json\/wp\/v2\/pages\/1569\/revisions"}],"predecessor-version":[{"id":1633,"href":"https:\/\/eulogia-afrique.com\/site\/wp-json\/wp\/v2\/pages\/1569\/revisions\/1633"}],"wp:attachment":[{"href":"https:\/\/eulogia-afrique.com\/site\/wp-json\/wp\/v2\/media?parent=1569"}],"curies":[{"name":"wp","href":"https:\/\/api.w.org\/{rel}","templated":true}]}}