{"id":1592,"date":"2026-02-24T14:29:26","date_gmt":"2026-02-24T13:29:26","guid":{"rendered":"https:\/\/eulogia-afrique.com\/site\/?page_id=1592"},"modified":"2026-03-06T21:50:14","modified_gmt":"2026-03-06T20:50:14","slug":"etudes-enquetes-et-recherches","status":"publish","type":"page","link":"https:\/\/eulogia-afrique.com\/site\/etudes-enquetes-et-recherches\/","title":{"rendered":"Etudes, enqu\u00eates et recherches"},"content":{"rendered":"\n<div class=\"wp-block-uagb-container uagb-block-2a911720 alignfull uagb-is-root-container\"><div class=\"uagb-container-inner-blocks-wrap\">\n<div class=\"wp-block-uagb-advanced-heading uagb-block-37007e46\"><h1 class=\"uagb-heading-text\">Nos domaines d&rsquo;expertise<\/h1><\/div>\n<\/div><\/div>\n\n\n\n<div class=\"wp-block-uagb-container uagb-block-6b0a45b6 alignfull uagb-is-root-container\"><div class=\"uagb-container-inner-blocks-wrap\">\n<div id=\"Expertise-1\" class=\"wp-block-uagb-container uagb-block-83bd379f\">\n<div class=\"wp-block-group is-nowrap is-layout-flex wp-container-core-group-is-layout-6c531013 wp-block-group-is-layout-flex\">\n<div class=\"wp-block-uagb-container uagb-block-3f003211\">\n<div class=\"wp-block-uagb-info-box uagb-block-5a6a3882 uagb-infobox__content-wrap  uagb-infobox-icon-above-title uagb-infobox-image-valign-top\"><div class=\"uagb-ifb-content\"><div class=\"uagb-ifb-title-wrap\"><h2 class=\"uagb-ifb-title\">Etudes, enqu\u00eates et recherches<\/h2><\/div><p class=\"uagb-ifb-desc\">A la demande des structures ou personnes int\u00e9ress\u00e9es, EULOGIA AFRIQUE r\u00e9alise des enqu\u00eates, \u00e9tudes institutionnelles et collectes de donn\u00e9es destin\u00e9es \u00e0 \u00e9clairer la prise de d\u00e9cision et l\u2019\u00e9laboration de politiques publiques, organisationnelles, commerciales, etc.<\/p><\/div><\/div>\n<\/div>\n\n\n\n<div class=\"wp-block-uagb-image uagb-block-98b4d3a1 wp-block-uagb-image--layout-default wp-block-uagb-image--effect-static wp-block-uagb-image--align-none\"><figure class=\"wp-block-uagb-image__figure\"><img srcset=\"https:\/\/eulogia-afrique.com\/site\/wp-content\/uploads\/2026\/02\/Etude-enquete-recherches-e1771939858845.png ,https:\/\/eulogia-afrique.com\/site\/wp-content\/uploads\/2026\/02\/Etude-enquete-recherches-e1771939858845.png 780w, https:\/\/eulogia-afrique.com\/site\/wp-content\/uploads\/2026\/02\/Etude-enquete-recherches-e1771939858845.png 360w\" sizes=\"auto, (max-width: 480px) 150px\"  alt=\"etude enquete recherches\" class=\"uag-image-1580 lws-optimize-lazyload\" width=\"421\" height=\"327\" title=\"etude enquete recherches\" loading=\"lazy\" role=\"img\"\/ data-src=\"https:\/\/eulogia-afrique.com\/site\/wp-content\/uploads\/2026\/02\/Etude-enquete-recherches-e1771939858845.png\"><\/figure><\/div>\n<\/div>\n<\/div>\n<\/div><\/div>\n\n\n\n<p><\/p>\n\n\n\n<div class=\"wp-block-uagb-container uagb-block-43f78ea6 alignfull uagb-is-root-container\"><div class=\"uagb-container-inner-blocks-wrap\">\n<div class=\"wp-block-uagb-info-box uagb-block-52cbc377 uagb-infobox__content-wrap  uagb-infobox-icon-above-title uagb-infobox-image-valign-top\"><div class=\"uagb-ifb-content\"><div class=\"uagb-ifb-title-wrap\"><h2 class=\"uagb-ifb-title\">Contactez-Nous<\/h2><\/div><p class=\"uagb-ifb-desc\">Discutez avec nos experts pour d\u00e9couvrir comment nous pouvons vous accompagner.<\/p><\/div><\/div>\n\n\n\n<div class=\"wp-block-uagb-buttons uagb-buttons__outer-wrap uagb-btn__default-btn uagb-btn-tablet__default-btn uagb-btn-mobile__default-btn uagb-block-f4d2bfe9\"><div class=\"uagb-buttons__wrap uagb-buttons-layout-wrap \">\n<div class=\"wp-block-uagb-buttons-child uagb-buttons__outer-wrap uagb-block-1b3b52ed wp-block-button\"><div class=\"uagb-button__wrapper\"><a class=\"uagb-buttons-repeater wp-block-button__link\" aria-label=\"\" href=\"contactez-nous\/\" rel=\"follow noopener\" target=\"_self\" role=\"button\"><div class=\"uagb-button__link\">Commencer Maintenant<\/div><\/a><\/div><\/div>\n<\/div><\/div>\n<\/div><\/div>\n","protected":false},"excerpt":{"rendered":"<p>Nos domaines d&rsquo;expertise<\/p>\n","protected":false},"author":1,"featured_media":0,"parent":0,"menu_order":8,"comment_status":"closed","ping_status":"closed","template":"","meta":{"_uag_custom_page_level_css":"","site-sidebar-layout":"default","site-content-layout":"","ast-site-content-layout":"default","site-content-style":"default","site-sidebar-style":"default","ast-global-header-display":"","ast-banner-title-visibility":"","ast-main-header-display":"","ast-hfb-above-header-display":"","ast-hfb-below-header-display":"","ast-hfb-mobile-header-display":"","site-post-title":"disabled","ast-breadcrumbs-content":"","ast-featured-img":"","footer-sml-layout":"","ast-disable-related-posts":"","theme-transparent-header-meta":"","adv-header-id-meta":"","stick-header-meta":"","header-above-stick-meta":"","header-main-stick-meta":"","header-below-stick-meta":"","astra-migrate-meta-layouts":"set","ast-page-background-enabled":"default","ast-page-background-meta":{"desktop":{"background-color":"var(--ast-global-color-4)","background-image":"","background-repeat":"repeat","background-position":"center center","background-size":"auto","background-attachment":"scroll","background-type":"","background-media":"","overlay-type":"","overlay-color":"","overlay-opacity":"","overlay-gradient":""},"tablet":{"background-color":"","background-image":"","background-repeat":"repeat","background-position":"center center","background-size":"auto","background-attachment":"scroll","background-type":"","background-media":"","overlay-type":"","overlay-color":"","overlay-opacity":"","overlay-gradient":""},"mobile":{"background-color":"","background-image":"","background-repeat":"repeat","background-position":"center center","background-size":"auto","background-attachment":"scroll","background-type":"","background-media":"","overlay-type":"","overlay-color":"","overlay-opacity":"","overlay-gradient":""}},"ast-content-background-meta":{"desktop":{"background-color":"var(--ast-global-color-5)","background-image":"","background-repeat":"repeat","background-position":"center center","background-size":"auto","background-attachment":"scroll","background-type":"","background-media":"","overlay-type":"","overlay-color":"","overlay-opacity":"","overlay-gradient":""},"tablet":{"background-color":"var(--ast-global-color-5)","background-image":"","background-repeat":"repeat","background-position":"center center","background-size":"auto","background-attachment":"scroll","background-type":"","background-media":"","overlay-type":"","overlay-color":"","overlay-opacity":"","overlay-gradient":""},"mobile":{"background-color":"var(--ast-global-color-5)","background-image":"","background-repeat":"repeat","background-position":"center center","background-size":"auto","background-attachment":"scroll","background-type":"","background-media":"","overlay-type":"","overlay-color":"","overlay-opacity":"","overlay-gradient":""}},"footnotes":""},"class_list":["post-1592","page","type-page","status-publish","hentry"],"uagb_featured_image_src":{"full":false,"thumbnail":false,"medium":false,"medium_large":false,"large":false,"1536x1536":false,"2048x2048":false},"uagb_author_info":{"display_name":"Franck","author_link":"https:\/\/eulogia-afrique.com\/site\/author\/admin\/"},"uagb_comment_info":0,"uagb_excerpt":"Nos domaines d&rsquo;expertise","_links":{"self":[{"href":"https:\/\/eulogia-afrique.com\/site\/wp-json\/wp\/v2\/pages\/1592","targetHints":{"allow":["GET"]}}],"collection":[{"href":"https:\/\/eulogia-afrique.com\/site\/wp-json\/wp\/v2\/pages"}],"about":[{"href":"https:\/\/eulogia-afrique.com\/site\/wp-json\/wp\/v2\/types\/page"}],"author":[{"embeddable":true,"href":"https:\/\/eulogia-afrique.com\/site\/wp-json\/wp\/v2\/users\/1"}],"replies":[{"embeddable":true,"href":"https:\/\/eulogia-afrique.com\/site\/wp-json\/wp\/v2\/comments?post=1592"}],"version-history":[{"count":1,"href":"https:\/\/eulogia-afrique.com\/site\/wp-json\/wp\/v2\/pages\/1592\/revisions"}],"predecessor-version":[{"id":1594,"href":"https:\/\/eulogia-afrique.com\/site\/wp-json\/wp\/v2\/pages\/1592\/revisions\/1594"}],"wp:attachment":[{"href":"https:\/\/eulogia-afrique.com\/site\/wp-json\/wp\/v2\/media?parent=1592"}],"curies":[{"name":"wp","href":"https:\/\/api.w.org\/{rel}","templated":true}]}}