{"id":1626,"date":"2026-03-02T16:38:11","date_gmt":"2026-03-02T15:38:11","guid":{"rendered":"https:\/\/eulogia-afrique.com\/site\/coaching-et-accompagnement\/"},"modified":"2026-03-06T21:49:38","modified_gmt":"2026-03-06T20:49:38","slug":"coaching-et-accompagnement","status":"publish","type":"page","link":"https:\/\/eulogia-afrique.com\/site\/coaching-et-accompagnement\/","title":{"rendered":"Coaching et accompagnement"},"content":{"rendered":"\n<div class=\"wp-block-uagb-container uagb-block-2a911720 alignfull uagb-is-root-container\"><div class=\"uagb-container-inner-blocks-wrap\">\n<div class=\"wp-block-uagb-advanced-heading uagb-block-37007e46\"><h1 class=\"uagb-heading-text\">Nos domaines d&rsquo;expertise<\/h1><\/div>\n<\/div><\/div>\n\n\n\n<div class=\"wp-block-uagb-container uagb-block-6b0a45b6 alignfull uagb-is-root-container\"><div class=\"uagb-container-inner-blocks-wrap\">\n<div id=\"Expertise-1\" class=\"wp-block-uagb-container uagb-block-83bd379f\">\n<div class=\"wp-block-uagb-container uagb-block-3f003211\">\n<div class=\"wp-block-columns is-layout-flex wp-container-core-columns-is-layout-28f84493 wp-block-columns-is-layout-flex\">\n<div class=\"wp-block-column is-layout-flow wp-block-column-is-layout-flow\" style=\"flex-basis:100%\">\n<div class=\"wp-block-uagb-info-box uagb-block-5a6a3882 uagb-infobox__content-wrap  uagb-infobox-icon-above-title uagb-infobox-image-valign-top\"><div class=\"uagb-ifb-content\"><div class=\"uagb-ifb-title-wrap\"><h2 class=\"uagb-ifb-title\">Coaching et accompagnement<\/h2><\/div><p class=\"uagb-ifb-desc\">Nos services de m\u00e9diation sont con\u00e7us pour aider les parties \u00e0 trouver un terrain d\u2019entente dans les litiges commerciaux et personnels. Gr\u00e2ce \u00e0 notre approche neutre et professionnelle, nous\u00a0\u00e9vitons aux parties en conflit, le stress, la longueur et les co\u00fbts \u00e9lev\u00e9s des proc\u00e8s devant les juridictions \u00e9tatiques. Tant en mati\u00e8re commerciale, fonci\u00e8re, institutionnelle, sociale, familiale (difficult\u00e9 des couples\u00a0: mari\u00e9s, concubins, et fianc\u00e9s), interreligieuse, intra religieuse et politique (Etats, parties et associations politiques, etc).<br>En r\u00e9sum\u00e9, il s\u2019agit\u00a0de :<\/p><\/div><\/div>\n<\/div>\n<\/div>\n<\/div>\n\n\n\n<div class=\"wp-block-uagb-container uagb-block-6f7e98c3\">\n<div class=\"wp-block-uagb-image uagb-block-e842e460 wp-block-uagb-image--layout-default wp-block-uagb-image--effect-static wp-block-uagb-image--align-none\"><figure class=\"wp-block-uagb-image__figure\"><img srcset=\"https:\/\/eulogia-afrique.com\/site\/wp-content\/uploads\/2025\/09\/expert-juridique-expliquant-les-specificites-du-contrat-300x200.jpg ,https:\/\/eulogia-afrique.com\/site\/wp-content\/uploads\/2025\/09\/expert-juridique-expliquant-les-specificites-du-contrat-scaled.jpg 780w, https:\/\/eulogia-afrique.com\/site\/wp-content\/uploads\/2025\/09\/expert-juridique-expliquant-les-specificites-du-contrat-scaled.jpg 360w\" sizes=\"auto, (max-width: 480px) 150px\" alt=\"Expert Juridique Expliquant Les Specificites Du Contrat 300x200\" class=\"uag-image-6 lws-optimize-lazyload\" width=\"342\" height=\"239\" title=\"Legal expert explaining contract specifics\" loading=\"lazy\" role=\"img\" data-src=\"https:\/\/eulogia-afrique.com\/site\/wp-content\/uploads\/2025\/09\/expert-juridique-expliquant-les-specificites-du-contrat-300x200.jpg\"><\/figure><\/div>\n<\/div>\n<\/div>\n<\/div><\/div>\n\n\n\n<ul style=\"margin-top:0px;margin-bottom:0px;padding-top:0px;padding-right:var(--wp--preset--spacing--80);padding-bottom:0px;padding-left:var(--wp--preset--spacing--80)\" class=\"wp-block-list\">\n<li style=\"padding-top:0;padding-right:0;padding-bottom:0;padding-left:0\">Accompagner une entreprise dans la mise en conformit\u00e9 avec le droit OHADA\u00a0;<\/li>\n\n\n\n<li style=\"padding-top:0;padding-right:0;padding-bottom:0;padding-left:0\">Accompagner toute institution dans l\u2019am\u00e9lioration de ses pratiques de gouvernance\u00a0;<\/li>\n\n\n\n<li style=\"padding-top:0;padding-right:0;padding-bottom:0;padding-left:0\">Accompagner un cabinet ou une structure dans la gestion des risques juridiques et organisationnels\u00a0;<\/li>\n\n\n\n<li style=\"padding-top:0;padding-right:0;padding-bottom:0;padding-left:0\">Accompagner de fa\u00e7on strat\u00e9gique un projet de reforme interne ou de restructuration.<\/li>\n<\/ul>\n\n\n\n<p style=\"margin-top:0;margin-bottom:0;padding-right:var(--wp--preset--spacing--60);padding-left:var(--wp--preset--spacing--60)\">En mati\u00e8re d\u2019accompagnement en gestion familiale, EULOGIA AFRIQUE&nbsp;:<\/p>\n\n\n\n<ul style=\"margin-top:0;margin-right:0px;margin-bottom:0;margin-left:0px;padding-right:var(--wp--preset--spacing--80);padding-left:var(--wp--preset--spacing--80)\" class=\"wp-block-list\">\n<li>Aide les couples et familles \u00e0 mieux g\u00e9rer les tensions li\u00e9es \u00e0 la vie professionnelle\u00a0;<\/li>\n\n\n\n<li>Accompagner les familles dans les p\u00e9riodes de transition (retraite, changement de statut social, h\u00e9ritage, succession, conflits familiaux)\u00a0;<\/li>\n\n\n\n<li>Favoriser une meilleure communication familiale.<\/li>\n<\/ul>\n\n\n\n<div class=\"wp-block-uagb-container uagb-block-43f78ea6 alignfull uagb-is-root-container\"><div class=\"uagb-container-inner-blocks-wrap\">\n<div class=\"wp-block-uagb-info-box uagb-block-52cbc377 uagb-infobox__content-wrap  uagb-infobox-icon-above-title uagb-infobox-image-valign-top\"><div class=\"uagb-ifb-content\"><div class=\"uagb-ifb-title-wrap\"><h2 class=\"uagb-ifb-title\">Contactez-Nous<\/h2><\/div><p class=\"uagb-ifb-desc\">Discutez avec nos experts pour d\u00e9couvrir comment nous pouvons vous accompagner.<\/p><\/div><\/div>\n\n\n\n<div class=\"wp-block-uagb-buttons uagb-buttons__outer-wrap uagb-btn__default-btn uagb-btn-tablet__default-btn uagb-btn-mobile__default-btn uagb-block-f4d2bfe9\"><div class=\"uagb-buttons__wrap uagb-buttons-layout-wrap \">\n<div class=\"wp-block-uagb-buttons-child uagb-buttons__outer-wrap uagb-block-1b3b52ed wp-block-button\"><div class=\"uagb-button__wrapper\"><a class=\"uagb-buttons-repeater wp-block-button__link\" aria-label=\"\" href=\"contactez-nous\/\" rel=\"follow noopener\" target=\"_self\" role=\"button\"><div class=\"uagb-button__link\">Commencer Maintenant<\/div><\/a><\/div><\/div>\n<\/div><\/div>\n<\/div><\/div>\n","protected":false},"excerpt":{"rendered":"<p>Nos domaines d&rsquo;expertise En mati\u00e8re d\u2019accompagnement en gestion familiale, EULOGIA AFRIQUE&nbsp;:<\/p>\n","protected":false},"author":1,"featured_media":0,"parent":0,"menu_order":5,"comment_status":"closed","ping_status":"closed","template":"","meta":{"_uag_custom_page_level_css":"","site-sidebar-layout":"default","site-content-layout":"","ast-site-content-layout":"default","site-content-style":"default","site-sidebar-style":"default","ast-global-header-display":"","ast-banner-title-visibility":"","ast-main-header-display":"","ast-hfb-above-header-display":"","ast-hfb-below-header-display":"","ast-hfb-mobile-header-display":"","site-post-title":"disabled","ast-breadcrumbs-content":"","ast-featured-img":"","footer-sml-layout":"","ast-disable-related-posts":"","theme-transparent-header-meta":"","adv-header-id-meta":"","stick-header-meta":"","header-above-stick-meta":"","header-main-stick-meta":"","header-below-stick-meta":"","astra-migrate-meta-layouts":"set","ast-page-background-enabled":"default","ast-page-background-meta":{"desktop":{"background-color":"var(--ast-global-color-4)","background-image":"","background-repeat":"repeat","background-position":"center center","background-size":"auto","background-attachment":"scroll","background-type":"","background-media":"","overlay-type":"","overlay-color":"","overlay-opacity":"","overlay-gradient":""},"tablet":{"background-color":"","background-image":"","background-repeat":"repeat","background-position":"center center","background-size":"auto","background-attachment":"scroll","background-type":"","background-media":"","overlay-type":"","overlay-color":"","overlay-opacity":"","overlay-gradient":""},"mobile":{"background-color":"","background-image":"","background-repeat":"repeat","background-position":"center center","background-size":"auto","background-attachment":"scroll","background-type":"","background-media":"","overlay-type":"","overlay-color":"","overlay-opacity":"","overlay-gradient":""}},"ast-content-background-meta":{"desktop":{"background-color":"var(--ast-global-color-5)","background-image":"","background-repeat":"repeat","background-position":"center center","background-size":"auto","background-attachment":"scroll","background-type":"","background-media":"","overlay-type":"","overlay-color":"","overlay-opacity":"","overlay-gradient":""},"tablet":{"background-color":"var(--ast-global-color-5)","background-image":"","background-repeat":"repeat","background-position":"center center","background-size":"auto","background-attachment":"scroll","background-type":"","background-media":"","overlay-type":"","overlay-color":"","overlay-opacity":"","overlay-gradient":""},"mobile":{"background-color":"var(--ast-global-color-5)","background-image":"","background-repeat":"repeat","background-position":"center center","background-size":"auto","background-attachment":"scroll","background-type":"","background-media":"","overlay-type":"","overlay-color":"","overlay-opacity":"","overlay-gradient":""}},"footnotes":""},"class_list":["post-1626","page","type-page","status-publish","hentry"],"uagb_featured_image_src":{"full":false,"thumbnail":false,"medium":false,"medium_large":false,"large":false,"1536x1536":false,"2048x2048":false},"uagb_author_info":{"display_name":"Franck","author_link":"https:\/\/eulogia-afrique.com\/site\/author\/admin\/"},"uagb_comment_info":0,"uagb_excerpt":"Nos domaines d&rsquo;expertise En mati\u00e8re d\u2019accompagnement en gestion familiale, EULOGIA AFRIQUE&nbsp;:","_links":{"self":[{"href":"https:\/\/eulogia-afrique.com\/site\/wp-json\/wp\/v2\/pages\/1626","targetHints":{"allow":["GET"]}}],"collection":[{"href":"https:\/\/eulogia-afrique.com\/site\/wp-json\/wp\/v2\/pages"}],"about":[{"href":"https:\/\/eulogia-afrique.com\/site\/wp-json\/wp\/v2\/types\/page"}],"author":[{"embeddable":true,"href":"https:\/\/eulogia-afrique.com\/site\/wp-json\/wp\/v2\/users\/1"}],"replies":[{"embeddable":true,"href":"https:\/\/eulogia-afrique.com\/site\/wp-json\/wp\/v2\/comments?post=1626"}],"version-history":[{"count":4,"href":"https:\/\/eulogia-afrique.com\/site\/wp-json\/wp\/v2\/pages\/1626\/revisions"}],"predecessor-version":[{"id":1632,"href":"https:\/\/eulogia-afrique.com\/site\/wp-json\/wp\/v2\/pages\/1626\/revisions\/1632"}],"wp:attachment":[{"href":"https:\/\/eulogia-afrique.com\/site\/wp-json\/wp\/v2\/media?parent=1626"}],"curies":[{"name":"wp","href":"https:\/\/api.w.org\/{rel}","templated":true}]}}